{"id":637,"date":"2023-11-15T13:36:07","date_gmt":"2023-11-15T13:36:07","guid":{"rendered":"https:\/\/loymee.com\/?page_id=637"},"modified":"2025-09-03T10:01:12","modified_gmt":"2025-09-03T10:01:12","slug":"homepage","status":"publish","type":"page","link":"https:\/\/loymee.com\/en\/","title":{"rendered":"Homepage"},"content":{"rendered":"","protected":false},"excerpt":{"rendered":"","protected":false},"author":2,"featured_media":0,"parent":0,"menu_order":0,"comment_status":"closed","ping_status":"open","template":"index.php","meta":{"inline_featured_image":false,"footnotes":""},"class_list":["post-637","page","type-page","status-publish","hentry"],"acf":{"hero_title":"Collect points at your favorite places. ","hero_img":[{"ID":575,"id":575,"title":"hero_img1","filename":"hero_img1-1.png","filesize":35788,"url":"https:\/\/loymee.com\/wp-content\/uploads\/2024\/09\/hero_img1-1.png","link":"https:\/\/loymee.com\/en\/homepage\/hero_img1-2-2\/","alt":"","author":"1","description":"","caption":"","name":"hero_img1-2-2","status":"inherit","uploaded_to":637,"date":"2024-09-21 14:49:25","modified":"2025-02-18 14:57:12","menu_order":0,"mime_type":"image\/png","type":"image","subtype":"png","icon":"https:\/\/loymee.com\/wp-includes\/images\/media\/default.png","width":390,"height":844,"sizes":{"thumbnail":"https:\/\/loymee.com\/wp-content\/uploads\/2024\/09\/hero_img1-1-150x150.png","thumbnail-width":150,"thumbnail-height":150,"medium":"https:\/\/loymee.com\/wp-content\/uploads\/2024\/09\/hero_img1-1-139x300.png","medium-width":139,"medium-height":300,"medium_large":"https:\/\/loymee.com\/wp-content\/uploads\/2024\/09\/hero_img1-1.png","medium_large-width":390,"medium_large-height":844,"large":"https:\/\/loymee.com\/wp-content\/uploads\/2024\/09\/hero_img1-1.png","large-width":390,"large-height":844,"1536x1536":"https:\/\/loymee.com\/wp-content\/uploads\/2024\/09\/hero_img1-1.png","1536x1536-width":390,"1536x1536-height":844,"2048x2048":"https:\/\/loymee.com\/wp-content\/uploads\/2024\/09\/hero_img1-1.png","2048x2048-width":390,"2048x2048-height":844}},{"ID":573,"id":573,"title":"hero_img2","filename":"hero_img2.png","filesize":276695,"url":"https:\/\/loymee.com\/wp-content\/uploads\/2024\/09\/hero_img2.png","link":"https:\/\/loymee.com\/en\/homepage\/hero_img2-2\/","alt":"","author":"1","description":"","caption":"","name":"hero_img2-2","status":"inherit","uploaded_to":637,"date":"2024-09-21 14:48:35","modified":"2025-02-18 14:57:12","menu_order":0,"mime_type":"image\/png","type":"image","subtype":"png","icon":"https:\/\/loymee.com\/wp-includes\/images\/media\/default.png","width":390,"height":844,"sizes":{"thumbnail":"https:\/\/loymee.com\/wp-content\/uploads\/2024\/09\/hero_img2-150x150.png","thumbnail-width":150,"thumbnail-height":150,"medium":"https:\/\/loymee.com\/wp-content\/uploads\/2024\/09\/hero_img2-139x300.png","medium-width":139,"medium-height":300,"medium_large":"https:\/\/loymee.com\/wp-content\/uploads\/2024\/09\/hero_img2.png","medium_large-width":390,"medium_large-height":844,"large":"https:\/\/loymee.com\/wp-content\/uploads\/2024\/09\/hero_img2.png","large-width":390,"large-height":844,"1536x1536":"https:\/\/loymee.com\/wp-content\/uploads\/2024\/09\/hero_img2.png","1536x1536-width":390,"1536x1536-height":844,"2048x2048":"https:\/\/loymee.com\/wp-content\/uploads\/2024\/09\/hero_img2.png","2048x2048-width":390,"2048x2048-height":844}},{"ID":574,"id":574,"title":"hero_img3","filename":"hero_img3.png","filesize":34588,"url":"https:\/\/loymee.com\/wp-content\/uploads\/2024\/09\/hero_img3.png","link":"https:\/\/loymee.com\/en\/homepage\/hero_img3-2\/","alt":"","author":"1","description":"","caption":"","name":"hero_img3-2","status":"inherit","uploaded_to":637,"date":"2024-09-21 14:48:36","modified":"2025-02-18 14:57:12","menu_order":0,"mime_type":"image\/png","type":"image","subtype":"png","icon":"https:\/\/loymee.com\/wp-includes\/images\/media\/default.png","width":390,"height":844,"sizes":{"thumbnail":"https:\/\/loymee.com\/wp-content\/uploads\/2024\/09\/hero_img3-150x150.png","thumbnail-width":150,"thumbnail-height":150,"medium":"https:\/\/loymee.com\/wp-content\/uploads\/2024\/09\/hero_img3-139x300.png","medium-width":139,"medium-height":300,"medium_large":"https:\/\/loymee.com\/wp-content\/uploads\/2024\/09\/hero_img3.png","medium_large-width":390,"medium_large-height":844,"large":"https:\/\/loymee.com\/wp-content\/uploads\/2024\/09\/hero_img3.png","large-width":390,"large-height":844,"1536x1536":"https:\/\/loymee.com\/wp-content\/uploads\/2024\/09\/hero_img3.png","1536x1536-width":390,"1536x1536-height":844,"2048x2048":"https:\/\/loymee.com\/wp-content\/uploads\/2024\/09\/hero_img3.png","2048x2048-width":390,"2048x2048-height":844}}],"hero_description":"<p>No app. No hassle.<\/p>\n","hero_button":{"type":"url","value":"https:\/\/app.loymee.com\/en\/register","url":"https:\/\/app.loymee.com\/en\/register","name":"https:\/\/app.loymee.com\/en\/register","title":"Join for free","target":""},"perks":[{"icon":"https:\/\/loymee.com\/wp-content\/uploads\/2024\/11\/icon-qrcode.svg","title":"Zarejestruj si\u0119","text":"Do\u0142\u0105cz do naszego grona przy u\u017cyciu szybkiej rejestracji. Otrzymasz od nas sw\u00f3j unikalny QR kod, kt\u00f3ry dzi\u0119ki funkcji dodania go do Wallet w Twoim smartfonie zawsze b\u0119dzie z Tob\u0105."},{"icon":"https:\/\/loymee.com\/wp-content\/uploads\/2024\/11\/icon-plus-circle.svg","title":"Zbieraj punkty","text":"Sprad\u017a czy Twoja ulubiona kawiarnia albo fryzjer nale\u017c\u0105 do naszego programu, nie zapomnij pokaza\u0107 sw\u00f3j QR kod przy kasie aby doda\u0107 punkty do swojego konta."},{"icon":"https:\/\/loymee.com\/wp-content\/uploads\/2024\/11\/icon-gift.svg","title":"Odbieraj nagrody","text":"Zgromadzone punkty zamieniaj na wyj\u0105tkowe zni\u017cki i oferty, przygotowane specjalnie dla Ciebie!"}],"section_join_us":{"title":"Don\u2019t wait \u2013 join us now!","description":"<p>Still thinking about it? Don\u2019t waste time and become part of our community! No more lost stamp cards \u2013 collect points directly on your smartphone!<\/p>\n","button":{"type":"url","value":"https:\/\/app.loymee.com\/en\/register","url":"https:\/\/app.loymee.com\/en\/register","name":"https:\/\/app.loymee.com\/en\/register","title":"Sign up","target":""}},"section_collect_points":{"title":"Collect points with our partners and get rewards!","description":"With the Loymee program, you get access to hundreds of rewards! Sign up, add your QR code to your digital wallet, and start exploring exclusive offers made just for you!","features":[{"title":"Completely free","description":"The Loymee program is 100% free for you. You don\u2019t pay anything to join or redeem rewards."},{"title":"Fast and simple","description":"Earning points and redeeming rewards has never been easier! Just sign up quickly and show your QR code when making a purchase. No need to install an app or carry physical cards."},{"title":"Easily manage your points","description":"Track your points and exchange them for attractive rewards. Enjoy benefits at various locations \u2013 from your favorite caf\u00e9s, barbershops, and car washes to beauty stores and many more.\r\n"}],"image":{"ID":660,"id":660,"title":"collect-points","filename":"collect-points.webp","filesize":33090,"url":"https:\/\/loymee.com\/wp-content\/uploads\/2025\/03\/collect-points.webp","link":"https:\/\/loymee.com\/en\/homepage\/collect-points\/","alt":"","author":"2","description":"","caption":"","name":"collect-points","status":"inherit","uploaded_to":637,"date":"2025-03-12 08:47:42","modified":"2025-03-12 08:49:36","menu_order":0,"mime_type":"image\/webp","type":"image","subtype":"webp","icon":"https:\/\/loymee.com\/wp-includes\/images\/media\/default.png","width":976,"height":799,"sizes":{"thumbnail":"https:\/\/loymee.com\/wp-content\/uploads\/2025\/03\/collect-points-150x150.webp","thumbnail-width":150,"thumbnail-height":150,"medium":"https:\/\/loymee.com\/wp-content\/uploads\/2025\/03\/collect-points-300x246.webp","medium-width":300,"medium-height":246,"medium_large":"https:\/\/loymee.com\/wp-content\/uploads\/2025\/03\/collect-points-768x629.webp","medium_large-width":640,"medium_large-height":524,"large":"https:\/\/loymee.com\/wp-content\/uploads\/2025\/03\/collect-points.webp","large-width":640,"large-height":524,"1536x1536":"https:\/\/loymee.com\/wp-content\/uploads\/2025\/03\/collect-points.webp","1536x1536-width":976,"1536x1536-height":799,"2048x2048":"https:\/\/loymee.com\/wp-content\/uploads\/2025\/03\/collect-points.webp","2048x2048-width":976,"2048x2048-height":799}}},"perks_section":{"perks":[{"icon":"https:\/\/loymee.com\/wp-content\/uploads\/2024\/11\/icon-qrcode.svg","title":"Sign up in seconds","text":"Join our community with a quick and easy registration. No app, no complicated forms. You\u2019ll receive your unique QR code, which you can store in your Apple or Google Wallet \u2013 always with you on your smartphone."},{"icon":"https:\/\/loymee.com\/wp-content\/uploads\/2024\/11\/icon-plus-circle.svg","title":"Collect points","text":"Check if your favorite caf\u00e9, hair salon, or local shop is part of our program. Don\u2019t forget to show your QR code at checkout to collect points on your account."},{"icon":"https:\/\/loymee.com\/wp-content\/uploads\/2024\/11\/icon-gift.svg","title":"Redeem rewards","text":"Exchange your collected points for exclusive discounts and offers, designed just for you!"}]},"section_join_us_and_win_prizes":{"title":"Join us today and start earning rewards!","description":"<p>Registration is quick and free. Begin your rewarding journey with Loymee and turn your everyday visits into extraordinary experiences.<\/p>\n","button":{"type":"url","value":"https:\/\/app.loymee.com\/en\/register","url":"https:\/\/app.loymee.com\/en\/register","name":"https:\/\/app.loymee.com\/en\/register","title":"Sign up","target":""},"image":{"ID":658,"id":658,"title":"join","filename":"join.webp","filesize":96198,"url":"https:\/\/loymee.com\/wp-content\/uploads\/2025\/03\/join.webp","link":"https:\/\/loymee.com\/en\/homepage\/join\/","alt":"","author":"2","description":"","caption":"","name":"join","status":"inherit","uploaded_to":637,"date":"2025-03-12 08:47:38","modified":"2025-03-12 08:49:36","menu_order":0,"mime_type":"image\/webp","type":"image","subtype":"webp","icon":"https:\/\/loymee.com\/wp-includes\/images\/media\/default.png","width":1077,"height":1229,"sizes":{"thumbnail":"https:\/\/loymee.com\/wp-content\/uploads\/2025\/03\/join-150x150.webp","thumbnail-width":150,"thumbnail-height":150,"medium":"https:\/\/loymee.com\/wp-content\/uploads\/2025\/03\/join-263x300.webp","medium-width":263,"medium-height":300,"medium_large":"https:\/\/loymee.com\/wp-content\/uploads\/2025\/03\/join-768x876.webp","medium_large-width":640,"medium_large-height":730,"large":"https:\/\/loymee.com\/wp-content\/uploads\/2025\/03\/join-897x1024.webp","large-width":640,"large-height":731,"1536x1536":"https:\/\/loymee.com\/wp-content\/uploads\/2025\/03\/join.webp","1536x1536-width":1077,"1536x1536-height":1229,"2048x2048":"https:\/\/loymee.com\/wp-content\/uploads\/2025\/03\/join.webp","2048x2048-width":1077,"2048x2048-height":1229}}},"latestpost_title":"Blog","latestpost_desc":"Inspiration and tips that will make your experience with Loymee even better","hero_image":6572,"hero_badge_item_1":"no card","badge_item_2":"No hassle","badge_item_3":"No app"},"yoast_head":"<!-- This site is optimized with the Yoast SEO Premium plugin v27.3 (Yoast SEO v27.3) - https:\/\/yoast.com\/product\/yoast-seo-premium-wordpress\/ -->\n<title>Collect points with the Loymee loyalty program<\/title>\n<meta name=\"description\" content=\"Collect points at your favorite places with our loyalty program. No app. Scan, collect points and receive rewards.\" \/>\n<meta name=\"robots\" content=\"index, follow, max-snippet:-1, max-image-preview:large, max-video-preview:-1\" \/>\n<link rel=\"canonical\" href=\"https:\/\/loymee.com\/en\/\" \/>\n<meta property=\"og:locale\" content=\"en_US\" \/>\n<meta property=\"og:type\" content=\"article\" \/>\n<meta property=\"og:title\" content=\"Loymee - Scan, earn and exchange - it&#039;s that simple\" \/>\n<meta property=\"og:description\" content=\"Check if your favorite cafe or hairdresser is part of our program, don&#039;t forget to show your QR code at the checkout to add points to your account.\" \/>\n<meta property=\"og:url\" content=\"https:\/\/loymee.com\/en\/\" \/>\n<meta property=\"og:site_name\" content=\"Loymee - landing page\" \/>\n<meta property=\"article:modified_time\" content=\"2025-09-03T10:01:12+00:00\" \/>\n<meta property=\"og:image\" content=\"https:\/\/loymee.com\/wp-content\/uploads\/2024\/12\/og.png\" \/>\n\t<meta property=\"og:image:width\" content=\"1200\" \/>\n\t<meta property=\"og:image:height\" content=\"600\" \/>\n\t<meta property=\"og:image:type\" content=\"image\/png\" \/>\n<meta name=\"twitter:card\" content=\"summary_large_image\" \/>\n<meta name=\"twitter:title\" content=\"Homepage\" \/>\n<meta name=\"twitter:label1\" content=\"Est. reading time\" \/>\n\t<meta name=\"twitter:data1\" content=\"4 minutes\" \/>\n<script type=\"application\/ld+json\" class=\"yoast-schema-graph\">{\"@context\":\"https:\\\/\\\/schema.org\",\"@graph\":[{\"@type\":\"WebPage\",\"@id\":\"https:\\\/\\\/loymee.com\\\/en\\\/\",\"url\":\"https:\\\/\\\/loymee.com\\\/en\\\/\",\"name\":\"Collect points with the Loymee loyalty program\",\"isPartOf\":{\"@id\":\"https:\\\/\\\/loymee.com\\\/en\\\/#website\"},\"datePublished\":\"2023-11-15T13:36:07+00:00\",\"dateModified\":\"2025-09-03T10:01:12+00:00\",\"description\":\"Collect points at your favorite places with our loyalty program. No app. Scan, collect points and receive rewards.\",\"breadcrumb\":{\"@id\":\"https:\\\/\\\/loymee.com\\\/en\\\/#breadcrumb\"},\"inLanguage\":\"en-US\",\"potentialAction\":[{\"@type\":\"ReadAction\",\"target\":[\"https:\\\/\\\/loymee.com\\\/en\\\/\"]}]},{\"@type\":\"BreadcrumbList\",\"@id\":\"https:\\\/\\\/loymee.com\\\/en\\\/#breadcrumb\",\"itemListElement\":[{\"@type\":\"ListItem\",\"position\":1,\"name\":\"Strona g\u0142\u00f3wna\",\"item\":\"https:\\\/\\\/loymee.com\\\/en\\\/\"},{\"@type\":\"ListItem\",\"position\":2,\"name\":\"Homepage\"}]},{\"@type\":\"WebSite\",\"@id\":\"https:\\\/\\\/loymee.com\\\/en\\\/#website\",\"url\":\"https:\\\/\\\/loymee.com\\\/en\\\/\",\"name\":\"Loymee\",\"description\":\"Zbieraj punkty w ulubionych miejscach\",\"publisher\":{\"@id\":\"https:\\\/\\\/loymee.com\\\/en\\\/#organization\"},\"potentialAction\":[{\"@type\":\"SearchAction\",\"target\":{\"@type\":\"EntryPoint\",\"urlTemplate\":\"https:\\\/\\\/loymee.com\\\/en\\\/?s={search_term_string}\"},\"query-input\":{\"@type\":\"PropertyValueSpecification\",\"valueRequired\":true,\"valueName\":\"search_term_string\"}}],\"inLanguage\":\"en-US\"},{\"@type\":\"Organization\",\"@id\":\"https:\\\/\\\/loymee.com\\\/en\\\/#organization\",\"name\":\"Loymee\",\"url\":\"https:\\\/\\\/loymee.com\\\/en\\\/\",\"logo\":{\"@type\":\"ImageObject\",\"inLanguage\":\"en-US\",\"@id\":\"https:\\\/\\\/loymee.com\\\/en\\\/#\\\/schema\\\/logo\\\/image\\\/\",\"url\":\"https:\\\/\\\/loymee.com\\\/wp-content\\\/uploads\\\/2024\\\/09\\\/logo.svg\",\"contentUrl\":\"https:\\\/\\\/loymee.com\\\/wp-content\\\/uploads\\\/2024\\\/09\\\/logo.svg\",\"width\":225,\"height\":40,\"caption\":\"Loymee\"},\"image\":{\"@id\":\"https:\\\/\\\/loymee.com\\\/en\\\/#\\\/schema\\\/logo\\\/image\\\/\"}}]}<\/script>\n<!-- \/ Yoast SEO Premium plugin. -->","yoast_head_json":{"title":"Collect points with the Loymee loyalty program","description":"Collect points at your favorite places with our loyalty program. No app. Scan, collect points and receive rewards.","robots":{"index":"index","follow":"follow","max-snippet":"max-snippet:-1","max-image-preview":"max-image-preview:large","max-video-preview":"max-video-preview:-1"},"canonical":"https:\/\/loymee.com\/en\/","og_locale":"en_US","og_type":"article","og_title":"Loymee - Scan, earn and exchange - it's that simple","og_description":"Check if your favorite cafe or hairdresser is part of our program, don't forget to show your QR code at the checkout to add points to your account.","og_url":"https:\/\/loymee.com\/en\/","og_site_name":"Loymee - landing page","article_modified_time":"2025-09-03T10:01:12+00:00","og_image":[{"width":1200,"height":600,"url":"https:\/\/loymee.com\/wp-content\/uploads\/2024\/12\/og.png","type":"image\/png"}],"twitter_card":"summary_large_image","twitter_title":"Homepage","twitter_misc":{"Est. reading time":"4 minutes"},"schema":{"@context":"https:\/\/schema.org","@graph":[{"@type":"WebPage","@id":"https:\/\/loymee.com\/en\/","url":"https:\/\/loymee.com\/en\/","name":"Collect points with the Loymee loyalty program","isPartOf":{"@id":"https:\/\/loymee.com\/en\/#website"},"datePublished":"2023-11-15T13:36:07+00:00","dateModified":"2025-09-03T10:01:12+00:00","description":"Collect points at your favorite places with our loyalty program. No app. Scan, collect points and receive rewards.","breadcrumb":{"@id":"https:\/\/loymee.com\/en\/#breadcrumb"},"inLanguage":"en-US","potentialAction":[{"@type":"ReadAction","target":["https:\/\/loymee.com\/en\/"]}]},{"@type":"BreadcrumbList","@id":"https:\/\/loymee.com\/en\/#breadcrumb","itemListElement":[{"@type":"ListItem","position":1,"name":"Strona g\u0142\u00f3wna","item":"https:\/\/loymee.com\/en\/"},{"@type":"ListItem","position":2,"name":"Homepage"}]},{"@type":"WebSite","@id":"https:\/\/loymee.com\/en\/#website","url":"https:\/\/loymee.com\/en\/","name":"Loymee","description":"Zbieraj punkty w ulubionych miejscach","publisher":{"@id":"https:\/\/loymee.com\/en\/#organization"},"potentialAction":[{"@type":"SearchAction","target":{"@type":"EntryPoint","urlTemplate":"https:\/\/loymee.com\/en\/?s={search_term_string}"},"query-input":{"@type":"PropertyValueSpecification","valueRequired":true,"valueName":"search_term_string"}}],"inLanguage":"en-US"},{"@type":"Organization","@id":"https:\/\/loymee.com\/en\/#organization","name":"Loymee","url":"https:\/\/loymee.com\/en\/","logo":{"@type":"ImageObject","inLanguage":"en-US","@id":"https:\/\/loymee.com\/en\/#\/schema\/logo\/image\/","url":"https:\/\/loymee.com\/wp-content\/uploads\/2024\/09\/logo.svg","contentUrl":"https:\/\/loymee.com\/wp-content\/uploads\/2024\/09\/logo.svg","width":225,"height":40,"caption":"Loymee"},"image":{"@id":"https:\/\/loymee.com\/en\/#\/schema\/logo\/image\/"}}]}},"_links":{"self":[{"href":"https:\/\/loymee.com\/en\/wp-json\/wp\/v2\/pages\/637","targetHints":{"allow":["GET"]}}],"collection":[{"href":"https:\/\/loymee.com\/en\/wp-json\/wp\/v2\/pages"}],"about":[{"href":"https:\/\/loymee.com\/en\/wp-json\/wp\/v2\/types\/page"}],"author":[{"embeddable":true,"href":"https:\/\/loymee.com\/en\/wp-json\/wp\/v2\/users\/2"}],"replies":[{"embeddable":true,"href":"https:\/\/loymee.com\/en\/wp-json\/wp\/v2\/comments?post=637"}],"version-history":[{"count":9,"href":"https:\/\/loymee.com\/en\/wp-json\/wp\/v2\/pages\/637\/revisions"}],"predecessor-version":[{"id":6583,"href":"https:\/\/loymee.com\/en\/wp-json\/wp\/v2\/pages\/637\/revisions\/6583"}],"wp:attachment":[{"href":"https:\/\/loymee.com\/en\/wp-json\/wp\/v2\/media?parent=637"}],"curies":[{"name":"wp","href":"https:\/\/api.w.org\/{rel}","templated":true}]}}